{"id":791,"date":"2007-02-05T15:25:31","date_gmt":"2007-02-05T13:25:31","guid":{"rendered":"http:\/\/s220043763.mialojamiento.es\/?page_id=5"},"modified":"2020-05-06T20:40:58","modified_gmt":"2020-05-06T18:40:58","slug":"about-2","status":"publish","type":"page","link":"https:\/\/celtaatletismo.es\/blog\/about-2\/","title":{"rendered":"El Club"},"content":{"rendered":"<p style=\"text-align: justify;\">El atletismo c\u00e9ltico representa, en esencia, lo mejor y m\u00e1s brillante en la historia de nuestro deporte en Galicia, a nivel de club, cuantificado por una serie de realizaciones, en diferentes estamentos, que asi lo testimonian.<\/p>\n<p style=\"text-align: justify;\"><a title=\"Historia del Celta (equipo 1924)\" href=\"https:\/\/celtaatletismo.wordpress.com\/files\/2007\/02\/equipo-1924.jpg\"><img decoding=\"async\" loading=\"lazy\" src=\"https:\/\/celtaatletismo.wordpress.com\/files\/2007\/02\/equipo-1924.jpg\" alt=\"Historia del Celta (equipo 1924)\" width=\"453\" height=\"291\" \/><\/a><\/p>\n<p style=\"text-align: justify;\"><strong>Primer equipo en la historia del atletismo c\u00e9ltico, corresponde a su debut en los Campeonatos de Galicia de 1924, campo de Coya (Vigo), ya desaparecido. A la derecha, Handicap, instigador del nacimiento c\u00e9ltico en atletismo, al que se le tiene erigida una estatua frente al Estadio de Balaidos.<\/strong><\/p>\n<p style=\"text-align: justify;\">Lleg\u00f3 el deporte atl\u00e9tico al Celta de la mano de una de las m\u00e1s prestigiosas personalidades deportivas de la comunidad, la de Manuel de Castro, \u00abHandicap\u00bb, redactor de deportes de FARO DE VIGO hasta su tr\u00e1gica muerte en 1944, ex-seleccionador nacional de futbol y ex-Presidente de la Federacion Gallega<br \/>\nde Atletismo (1927). A su regreso de los Juegos 0limpicos de Paris 1924, a donde acudiera como informador, prendi\u00f3 en \u00e9l la idea de que el Celta, nacido como tan solo un a\u00f1o antes, estuviera representado igualmente en las competiciones atleticas, afirmando que \u00abnaci\u00f3n sin atletismo no puede denominarse deportiva\u00bb.<\/p>\n<p style=\"text-align: justify;\"><a title=\"Historia del Celta\" href=\"https:\/\/celtaatletismo.wordpress.com\/files\/2007\/02\/los_mejores.jpg\"><img decoding=\"async\" loading=\"lazy\" src=\"https:\/\/celtaatletismo.wordpress.com\/files\/2007\/02\/los_mejores.jpg\" alt=\"Historia del Celta\" width=\"461\" height=\"344\" \/><\/a><\/p>\n<p style=\"text-align: justify;\">Gracias a esa proyecci\u00f3n, la directiva c\u00e9ltca se hizo eco y puso en marcha la secci\u00f3n de atletismo, de la mano de uno de sus directivos, Fernando de Castro, hermano de Handicap, y campeon y recordman gallego de peso y disco en 1921. Debut\u00f3 en los Campeonatos de Galicia de aquel mismo a\u00f1o olimpico, el 14 de septiembre, en el extinguido campo de futbol de Coya, habilitando su c\u00e9sped futrbolistico como entonces mejor se podia, y se lograron 4 victorias individuales y el cuarto puesto por equipos, solamente con 4<br \/>\natletas en competici\u00f3n : Mariano Carsi 20,3\/5 en 110 metros vallas y 5,75 m. en salto de longitud; Francisco Novoa 31,20 m. en jabalina, los 3 tambien r\u00e9cords gallegos, y Joaquin Novoa 29,80 m. en disco, adem\u00e1s del futbolista Pinilla, eliminado en 100 m.<\/p>\n<p style=\"text-align: justify;\">Palabras del propio Mariano Carsi, que lleg\u00f3 a Comandante del Ej\u00e9rcito : \u00abEntren\u00e1bamos dos o tres veces por semana y solamente en primavera y verano, lo haciamos primero en el campo de Coya y tambien en el del Fortuna de Bouzas, traslad\u00e1ndonos andando o en tranvia y no teniamos ni chandal ni entrenador, haciendo cada uno lo que le parecia. Compr\u00e9 mis primeras zapatillas de clavos de mi propio dinero\u00bb.<\/p>\n<p style=\"text-align: justify;\">En 1925 volvi\u00f3 el Celta a participar en campeonatos gallegos y a continuaci\u00f3n la actividad fu\u00e9 muy restringida, sobre todo por la no celebraci\u00f3n de aquellos en 1926 t 27, diluy\u00e9ndose hasta desaparecer, temporalmente, pasando sus atletas a la reci\u00f3n constitituida Sociedad Atletica de Vigo.<\/p>\n<p style=\"text-align: justify;\">Seria en la primavera de 1950 cuando el Celta volveria al atletismo, de la mano de Alfonso Posada como delegado de la secci\u00f3n, cargo en el que ha permanecido desde entonces hasta la fecha, es decir, 57 a\u00f1os ininterrumpidos.<\/p>\n<p style=\"text-align: justify;\">Se hizo el debut en los Campeonatos de Vigo de ne\u00f3fitos y debutantes con varios triunfos y despues, en Balaidos tambien, se alcanz\u00f2 la segundo lugar por equipos en los gallegos absolutos, detr\u00e1s del Deportivo.<\/p>\n<p style=\"text-align: justify;\">A lo largo de este medio siglo, el atletismo c\u00e9ltico alcanz\u00f3 tantas cotas que, en los momentos actuales, ya nos parecen un sue\u00f1o, algo prodigioso : atletas participantes en Juegos 0limpicos, Campeonatos de Europa, Iberoamericanos, Mediterr\u00e1neos, etc. y multitud de r\u00e9cords y titulos nacionales absolutos. Tantos que iremos desgranandolos por capitulos, para un mejor y m\u00e1s exacto conocimiento.<\/p>\n<p style=\"text-align: justify;\"><a title=\"Historia del Celta (Mar\ufffda Jos\u00e9)\" href=\"https:\/\/celtaatletismo.wordpress.com\/files\/2007\/02\/maria_jose.jpg\"><img decoding=\"async\" src=\"https:\/\/celtaatletismo.wordpress.com\/files\/2007\/02\/maria_jose.jpg\" alt=\"Historia del Celta (Mar\ufffda Jos\u00e9)\" \/><\/a><\/p>\n<p style=\"text-align: justify;\"><em><strong>La extraordinaria atleta c\u00e9ltica Maria Jos\u00e9 Fern\u00e1ndez lanzando la jabalina. Campeona de Espa\u00f1a de esta prueba en los a\u00f1os 1968,69,70,71 y 72, 74, 75 y 76. Tambien del lanzamiento de disco en 1968,70 y 71., Bati\u00f3 el r\u00e9cord de Espa\u00f1a de jabalina por siete veces, el mejor sus 52,36 m. en 1979, en Barcelona. Una de las grandes figuras hist\u00f3ricas del atletismo gallego.<\/strong> <\/em><\/p>\n<p style=\"text-align: justify;\">Recordaremos, porque fu\u00e9 el primero, a Rogelio Rivas, el primer c\u00e9ltico de la historia en conseguir un r\u00e9cord de Espa\u00f1a absoluto (10,4 en 100 m. lisos) y tambien en vestir la camiseta nacional en los Juegos 0limpicos (Tokio 1064) 0 al primer extranjero en nuestras filas, el finland\u00e9s Jouko Kuha,ex-recordman mundial de 3.000 metros obst\u00e1culos (8.24,2 en 1968), atraido por pasar los inviernos entrenando en Vigo con Alvarez Salgado, Carlos P\u00e9rez, etc. Que hoy, tantos a\u00f1os despues, todavia nos sigue mandando sus fotos y las de sus nietos por navidades.<\/p>\n<p style=\"text-align: justify;\"><a title=\"Historia del Celta (Relevistas)\" href=\"https:\/\/celtaatletismo.wordpress.com\/files\/2007\/02\/los_mejores2.jpg\"><img decoding=\"async\" loading=\"lazy\" src=\"https:\/\/celtaatletismo.wordpress.com\/files\/2007\/02\/los_mejores2.jpg\" alt=\"Historia del Celta (Relevistas)\" width=\"462\" height=\"457\" \/><\/a><\/p>\n<p style=\"text-align: justify;\">En 1970 acudiriamos representando a Espa\u00f1a a la Copa de clubs campeones de cross, en Arlon (Belgica), ocupando el tercer puesto del podio, detr\u00e1s del Lieja belga y el City Stoke ingl\u00e9s. Viaje en tren ida y vuelta.<\/p>\n<p style=\"text-align: justify;\">Francamente, una historia para so\u00f1ar, recordando el pasado como un estimulo para mantenerse hoy en el esfuerzo atl\u00e9tico, a pesar de todas las adversidades.<\/p>\n<p style=\"text-align: justify;\">La vida da muchas vueltas y las cosas cambian, efectivamente.<\/p>\n","protected":false},"excerpt":{"rendered":"<p>El atletismo c\u00e9ltico representa, en esencia, lo mejor y m\u00e1s brillante en la historia de nuestro deporte en Galicia, a nivel de club, cuantificado por una serie de realizaciones, en diferentes estamentos, que asi lo testimonian. Primer equipo en la historia del atletismo c\u00e9ltico, corresponde a su debut en los Campeonatos de Galicia de 1924, [&hellip;]<\/p>\n","protected":false},"author":10,"featured_media":0,"parent":0,"menu_order":0,"comment_status":"closed","ping_status":"closed","template":"elementor_canvas","meta":{"_monsterinsights_skip_tracking":false,"_monsterinsights_sitenote_active":false,"_monsterinsights_sitenote_note":"","_monsterinsights_sitenote_category":0},"yoast_head":"<!-- This site is optimized with the Yoast SEO plugin v20.9 - https:\/\/yoast.com\/wordpress\/plugins\/seo\/ -->\n<title>El Club - Celta Atletismo<\/title>\n<meta name=\"robots\" content=\"index, follow, max-snippet:-1, max-image-preview:large, max-video-preview:-1\" \/>\n<link rel=\"canonical\" href=\"https:\/\/celtaatletismo.es\/blog\/about-2\/\" \/>\n<meta property=\"og:locale\" content=\"es_ES\" \/>\n<meta property=\"og:type\" content=\"article\" \/>\n<meta property=\"og:title\" content=\"El Club - Celta Atletismo\" \/>\n<meta property=\"og:description\" content=\"El atletismo c\u00e9ltico representa, en esencia, lo mejor y m\u00e1s brillante en la historia de nuestro deporte en Galicia, a nivel de club, cuantificado por una serie de realizaciones, en diferentes estamentos, que asi lo testimonian. Primer equipo en la historia del atletismo c\u00e9ltico, corresponde a su debut en los Campeonatos de Galicia de 1924, [&hellip;]\" \/>\n<meta property=\"og:url\" content=\"https:\/\/celtaatletismo.es\/blog\/about-2\/\" \/>\n<meta property=\"og:site_name\" content=\"Celta Atletismo\" \/>\n<meta property=\"article:publisher\" content=\"https:\/\/www.facebook.com\/Real-Club-Celta-de-Atletismo-Atletismo-Femenino-Celta-177005092323603\/\" \/>\n<meta property=\"article:modified_time\" content=\"2020-05-06T18:40:58+00:00\" \/>\n<meta property=\"og:image\" content=\"https:\/\/celtaatletismo.wordpress.com\/files\/2007\/02\/equipo-1924.jpg\" \/>\n<meta name=\"twitter:card\" content=\"summary_large_image\" \/>\n<meta name=\"twitter:site\" content=\"@CeltaAtletismo\" \/>\n<meta name=\"twitter:label1\" content=\"Tiempo de lectura\" \/>\n\t<meta name=\"twitter:data1\" content=\"4 minutos\" \/>\n<script type=\"application\/ld+json\" class=\"yoast-schema-graph\">{\"@context\":\"https:\/\/schema.org\",\"@graph\":[{\"@type\":\"WebPage\",\"@id\":\"https:\/\/celtaatletismo.es\/blog\/about-2\/\",\"url\":\"https:\/\/celtaatletismo.es\/blog\/about-2\/\",\"name\":\"El Club - Celta Atletismo\",\"isPartOf\":{\"@id\":\"https:\/\/celtaatletismo.es\/blog\/#website\"},\"datePublished\":\"2007-02-05T13:25:31+00:00\",\"dateModified\":\"2020-05-06T18:40:58+00:00\",\"breadcrumb\":{\"@id\":\"https:\/\/celtaatletismo.es\/blog\/about-2\/#breadcrumb\"},\"inLanguage\":\"es\",\"potentialAction\":[{\"@type\":\"ReadAction\",\"target\":[\"https:\/\/celtaatletismo.es\/blog\/about-2\/\"]}]},{\"@type\":\"BreadcrumbList\",\"@id\":\"https:\/\/celtaatletismo.es\/blog\/about-2\/#breadcrumb\",\"itemListElement\":[{\"@type\":\"ListItem\",\"position\":1,\"name\":\"Portada\",\"item\":\"https:\/\/celtaatletismo.es\/blog\/\"},{\"@type\":\"ListItem\",\"position\":2,\"name\":\"El Club\"}]},{\"@type\":\"WebSite\",\"@id\":\"https:\/\/celtaatletismo.es\/blog\/#website\",\"url\":\"https:\/\/celtaatletismo.es\/blog\/\",\"name\":\"Celta Atletismo\",\"description\":\"Web oficial del Real Club Celta Atletismo y del Club Atletismo Femenino Celta\",\"publisher\":{\"@id\":\"https:\/\/celtaatletismo.es\/blog\/#organization\"},\"potentialAction\":[{\"@type\":\"SearchAction\",\"target\":{\"@type\":\"EntryPoint\",\"urlTemplate\":\"https:\/\/celtaatletismo.es\/blog\/?s={search_term_string}\"},\"query-input\":\"required name=search_term_string\"}],\"inLanguage\":\"es\"},{\"@type\":\"Organization\",\"@id\":\"https:\/\/celtaatletismo.es\/blog\/#organization\",\"name\":\"Celta Atletismo\",\"url\":\"https:\/\/celtaatletismo.es\/blog\/\",\"logo\":{\"@type\":\"ImageObject\",\"inLanguage\":\"es\",\"@id\":\"https:\/\/celtaatletismo.es\/blog\/#\/schema\/logo\/image\/\",\"url\":\"https:\/\/celtaatletismo.es\/blog\/wp-content\/uploads\/2018\/12\/logo-web-celta-atletismo-solo.png\",\"contentUrl\":\"https:\/\/celtaatletismo.es\/blog\/wp-content\/uploads\/2018\/12\/logo-web-celta-atletismo-solo.png\",\"width\":555,\"height\":171,\"caption\":\"Celta Atletismo\"},\"image\":{\"@id\":\"https:\/\/celtaatletismo.es\/blog\/#\/schema\/logo\/image\/\"},\"sameAs\":[\"https:\/\/www.facebook.com\/Real-Club-Celta-de-Atletismo-Atletismo-Femenino-Celta-177005092323603\/\",\"https:\/\/twitter.com\/CeltaAtletismo\"]}]}<\/script>\n<!-- \/ Yoast SEO plugin. -->","yoast_head_json":{"title":"El Club - Celta Atletismo","robots":{"index":"index","follow":"follow","max-snippet":"max-snippet:-1","max-image-preview":"max-image-preview:large","max-video-preview":"max-video-preview:-1"},"canonical":"https:\/\/celtaatletismo.es\/blog\/about-2\/","og_locale":"es_ES","og_type":"article","og_title":"El Club - Celta Atletismo","og_description":"El atletismo c\u00e9ltico representa, en esencia, lo mejor y m\u00e1s brillante en la historia de nuestro deporte en Galicia, a nivel de club, cuantificado por una serie de realizaciones, en diferentes estamentos, que asi lo testimonian. Primer equipo en la historia del atletismo c\u00e9ltico, corresponde a su debut en los Campeonatos de Galicia de 1924, [&hellip;]","og_url":"https:\/\/celtaatletismo.es\/blog\/about-2\/","og_site_name":"Celta Atletismo","article_publisher":"https:\/\/www.facebook.com\/Real-Club-Celta-de-Atletismo-Atletismo-Femenino-Celta-177005092323603\/","article_modified_time":"2020-05-06T18:40:58+00:00","og_image":[{"url":"https:\/\/celtaatletismo.wordpress.com\/files\/2007\/02\/equipo-1924.jpg"}],"twitter_card":"summary_large_image","twitter_site":"@CeltaAtletismo","twitter_misc":{"Tiempo de lectura":"4 minutos"},"schema":{"@context":"https:\/\/schema.org","@graph":[{"@type":"WebPage","@id":"https:\/\/celtaatletismo.es\/blog\/about-2\/","url":"https:\/\/celtaatletismo.es\/blog\/about-2\/","name":"El Club - Celta Atletismo","isPartOf":{"@id":"https:\/\/celtaatletismo.es\/blog\/#website"},"datePublished":"2007-02-05T13:25:31+00:00","dateModified":"2020-05-06T18:40:58+00:00","breadcrumb":{"@id":"https:\/\/celtaatletismo.es\/blog\/about-2\/#breadcrumb"},"inLanguage":"es","potentialAction":[{"@type":"ReadAction","target":["https:\/\/celtaatletismo.es\/blog\/about-2\/"]}]},{"@type":"BreadcrumbList","@id":"https:\/\/celtaatletismo.es\/blog\/about-2\/#breadcrumb","itemListElement":[{"@type":"ListItem","position":1,"name":"Portada","item":"https:\/\/celtaatletismo.es\/blog\/"},{"@type":"ListItem","position":2,"name":"El Club"}]},{"@type":"WebSite","@id":"https:\/\/celtaatletismo.es\/blog\/#website","url":"https:\/\/celtaatletismo.es\/blog\/","name":"Celta Atletismo","description":"Web oficial del Real Club Celta Atletismo y del Club Atletismo Femenino Celta","publisher":{"@id":"https:\/\/celtaatletismo.es\/blog\/#organization"},"potentialAction":[{"@type":"SearchAction","target":{"@type":"EntryPoint","urlTemplate":"https:\/\/celtaatletismo.es\/blog\/?s={search_term_string}"},"query-input":"required name=search_term_string"}],"inLanguage":"es"},{"@type":"Organization","@id":"https:\/\/celtaatletismo.es\/blog\/#organization","name":"Celta Atletismo","url":"https:\/\/celtaatletismo.es\/blog\/","logo":{"@type":"ImageObject","inLanguage":"es","@id":"https:\/\/celtaatletismo.es\/blog\/#\/schema\/logo\/image\/","url":"https:\/\/celtaatletismo.es\/blog\/wp-content\/uploads\/2018\/12\/logo-web-celta-atletismo-solo.png","contentUrl":"https:\/\/celtaatletismo.es\/blog\/wp-content\/uploads\/2018\/12\/logo-web-celta-atletismo-solo.png","width":555,"height":171,"caption":"Celta Atletismo"},"image":{"@id":"https:\/\/celtaatletismo.es\/blog\/#\/schema\/logo\/image\/"},"sameAs":["https:\/\/www.facebook.com\/Real-Club-Celta-de-Atletismo-Atletismo-Femenino-Celta-177005092323603\/","https:\/\/twitter.com\/CeltaAtletismo"]}]}},"_links":{"self":[{"href":"https:\/\/celtaatletismo.es\/blog\/wp-json\/wp\/v2\/pages\/791"}],"collection":[{"href":"https:\/\/celtaatletismo.es\/blog\/wp-json\/wp\/v2\/pages"}],"about":[{"href":"https:\/\/celtaatletismo.es\/blog\/wp-json\/wp\/v2\/types\/page"}],"author":[{"embeddable":true,"href":"https:\/\/celtaatletismo.es\/blog\/wp-json\/wp\/v2\/users\/10"}],"replies":[{"embeddable":true,"href":"https:\/\/celtaatletismo.es\/blog\/wp-json\/wp\/v2\/comments?post=791"}],"version-history":[{"count":3,"href":"https:\/\/celtaatletismo.es\/blog\/wp-json\/wp\/v2\/pages\/791\/revisions"}],"predecessor-version":[{"id":8717,"href":"https:\/\/celtaatletismo.es\/blog\/wp-json\/wp\/v2\/pages\/791\/revisions\/8717"}],"wp:attachment":[{"href":"https:\/\/celtaatletismo.es\/blog\/wp-json\/wp\/v2\/media?parent=791"}],"curies":[{"name":"wp","href":"https:\/\/api.w.org\/{rel}","templated":true}]}}